{"id":2,"date":"2026-03-28T06:34:37","date_gmt":"2026-03-28T06:34:37","guid":{"rendered":"https:\/\/fvr-rudersdal.dk\/?page_id=2"},"modified":"2026-03-28T20:49:08","modified_gmt":"2026-03-28T20:49:08","slug":"sample-page","status":"publish","type":"page","link":"https:\/\/fvr-rudersdal.dk\/","title":{"rendered":"Nyheder"},"content":{"rendered":"\n<p>I de seneste 2 \u00e5r har FVR fungeret med kontrakt hos SneVagten A\/S, hvilket efter opstarts vanskeligheder har v\u00e6ret en god oplevelse i forhold til tidligere leverand\u00f8rer af glatf\u00f8rebek\u00e6mpelse. <\/p>\n\n\n\n<p><\/p>\n","protected":false},"excerpt":{"rendered":"<p>I de seneste 2 \u00e5r har FVR fungeret med kontrakt hos SneVagten A\/S, hvilket efter opstarts vanskeligheder har v\u00e6ret en god oplevelse i forhold til tidligere leverand\u00f8rer af glatf\u00f8rebek\u00e6mpelse.<\/p>\n","protected":false},"author":1,"featured_media":0,"parent":0,"menu_order":0,"comment_status":"closed","ping_status":"open","template":"","meta":{"footnotes":""},"class_list":["post-2","page","type-page","status-publish","hentry"],"_links":{"self":[{"href":"https:\/\/fvr-rudersdal.dk\/index.php\/wp-json\/wp\/v2\/pages\/2","targetHints":{"allow":["GET"]}}],"collection":[{"href":"https:\/\/fvr-rudersdal.dk\/index.php\/wp-json\/wp\/v2\/pages"}],"about":[{"href":"https:\/\/fvr-rudersdal.dk\/index.php\/wp-json\/wp\/v2\/types\/page"}],"author":[{"embeddable":true,"href":"https:\/\/fvr-rudersdal.dk\/index.php\/wp-json\/wp\/v2\/users\/1"}],"replies":[{"embeddable":true,"href":"https:\/\/fvr-rudersdal.dk\/index.php\/wp-json\/wp\/v2\/comments?post=2"}],"version-history":[{"count":2,"href":"https:\/\/fvr-rudersdal.dk\/index.php\/wp-json\/wp\/v2\/pages\/2\/revisions"}],"predecessor-version":[{"id":56,"href":"https:\/\/fvr-rudersdal.dk\/index.php\/wp-json\/wp\/v2\/pages\/2\/revisions\/56"}],"wp:attachment":[{"href":"https:\/\/fvr-rudersdal.dk\/index.php\/wp-json\/wp\/v2\/media?parent=2"}],"curies":[{"name":"wp","href":"https:\/\/api.w.org\/{rel}","templated":true}]}}