{"id":41,"date":"2026-03-28T20:28:32","date_gmt":"2026-03-28T20:28:32","guid":{"rendered":"https:\/\/fvr-rudersdal.dk\/?page_id=41"},"modified":"2026-03-28T20:28:32","modified_gmt":"2026-03-28T20:28:32","slug":"foreningsinformation","status":"publish","type":"page","link":"https:\/\/fvr-rudersdal.dk\/index.php\/foreningsinformation\/","title":{"rendered":"Foreningsinformation"},"content":{"rendered":"\n<p>Foreningen for Vejlaug i Rudersdal er stiftet  i 20XX p\u00e5 baggrund af Y. <\/p>\n\n\n\n<p>Der er i dag 82 Vejlaug optaget i foreningen som igennem f\u00e6lles samarbejde har indg\u00e5et aftaler om glatf\u00f8rebek\u00e6mpelse, Ukrudtsbr\u00e6nding og fejning. <\/p>\n\n\n\n<p>N\u00e5r en forening indg\u00e5r samarbejde via FVR er der en obligatorisk del og en valgfri del som den enkelte forening kan indg\u00e5 i. Der sidder en bestyrelse der varetager den daglige drift og s\u00f8rger for at forny eventuelle aftaler p\u00e5 vegne af de grundejerforeninger og vejlaug som er inkluderet og medlem af FVR. <\/p>\n","protected":false},"excerpt":{"rendered":"<p>Foreningen for Vejlaug i Rudersdal er stiftet i 20XX p\u00e5 baggrund af Y. Der er i dag 82 Vejlaug optaget i foreningen som igennem f\u00e6lles samarbejde har indg\u00e5et aftaler om glatf\u00f8rebek\u00e6mpelse, Ukrudtsbr\u00e6nding og fejning. N\u00e5r en forening indg\u00e5r samarbejde via FVR er der en obligatorisk del og en valgfri del som den enkelte forening kan indg\u00e5 i. Der sidder en bestyrelse der varetager den daglige drift og s\u00f8rger for at forny eventuelle aftaler p\u00e5 vegne af de grundejerforeninger og vejlaug som er inkluderet og medlem af FVR.<\/p>\n","protected":false},"author":1,"featured_media":0,"parent":0,"menu_order":0,"comment_status":"closed","ping_status":"closed","template":"","meta":{"footnotes":""},"class_list":["post-41","page","type-page","status-publish","hentry"],"_links":{"self":[{"href":"https:\/\/fvr-rudersdal.dk\/index.php\/wp-json\/wp\/v2\/pages\/41","targetHints":{"allow":["GET"]}}],"collection":[{"href":"https:\/\/fvr-rudersdal.dk\/index.php\/wp-json\/wp\/v2\/pages"}],"about":[{"href":"https:\/\/fvr-rudersdal.dk\/index.php\/wp-json\/wp\/v2\/types\/page"}],"author":[{"embeddable":true,"href":"https:\/\/fvr-rudersdal.dk\/index.php\/wp-json\/wp\/v2\/users\/1"}],"replies":[{"embeddable":true,"href":"https:\/\/fvr-rudersdal.dk\/index.php\/wp-json\/wp\/v2\/comments?post=41"}],"version-history":[{"count":1,"href":"https:\/\/fvr-rudersdal.dk\/index.php\/wp-json\/wp\/v2\/pages\/41\/revisions"}],"predecessor-version":[{"id":42,"href":"https:\/\/fvr-rudersdal.dk\/index.php\/wp-json\/wp\/v2\/pages\/41\/revisions\/42"}],"wp:attachment":[{"href":"https:\/\/fvr-rudersdal.dk\/index.php\/wp-json\/wp\/v2\/media?parent=41"}],"curies":[{"name":"wp","href":"https:\/\/api.w.org\/{rel}","templated":true}]}}