{"id":61,"date":"2026-03-29T09:26:18","date_gmt":"2026-03-29T08:26:18","guid":{"rendered":"https:\/\/fvr-rudersdal.dk\/?page_id=61"},"modified":"2026-03-29T09:27:17","modified_gmt":"2026-03-29T08:27:17","slug":"generalforsamlinger","status":"publish","type":"page","link":"https:\/\/fvr-rudersdal.dk\/index.php\/generalforsamlinger\/","title":{"rendered":"Generalforsamlinger"},"content":{"rendered":"\n<p><strong>Generalforsamling 2026<\/strong><\/p>\n\n\n\n<p>Afholdes den X. m\u00e5ned 2026 kl.19.00, i Birker\u00f8d.<\/p>\n\n\n\n<p><a href=\"https:\/\/fvr-rudersdal.dk\/wp-content\/uploads\/2026\/03\/Referat-af-Stiftende-generalforsamling-i-Foreningen-for-Vejlaug-i-Rudersdal-underskrevet-1.pdf\" data-type=\"link\" data-id=\"https:\/\/fvr-rudersdal.dk\/wp-content\/uploads\/2026\/03\/Referat-af-Stiftende-generalforsamling-i-Foreningen-for-Vejlaug-i-Rudersdal-underskrevet-1.pdf\">INDKALDELSE TIL ORDIN\u00c6R GENERALFORSAMLING 2026 (klik her)<\/a><\/p>\n\n\n\n<p>\u00d8nsker du at stille op til bestyrelsen eller som revisor, der efterser og godkender vores regnskab, eller har du forslag til n\u00e6ste generalforsamling s\u00e5 skriv til\u00a0<a href=\"mailto:bestyrelsen@fvr-rudersdal.dk\" data-type=\"mailto\" data-id=\"mailto:bestyrelsen@fvr-rudersdal.dk\">bestyrelsen@fvr-rudersdal.dk<\/a>. Forslag skal v\u00e6res sendt til bestyrelsen senest d. 31. december.<\/p>\n\n\n\n<p>Vel m\u00f8dt!<\/p>\n\n\n\n<p>Bestyrelsen<\/p>\n\n\n\n<p><\/p>\n\n\n\n<p><\/p>\n\n\n\n<p><strong>Tidligere generalforsamlinger<\/strong><\/p>\n\n\n\n<p>Her under kan du findes tidligere generalforsamlingsreferater<br>\u2022\u00a0<a href=\"https:\/\/fvr-rudersdal.dk\/wp-content\/uploads\/2026\/03\/Referat-af-generalforsamling-i-FVR-afholdt-torsdag-den-02.05.2024-1.pdf\" target=\"_blank\" rel=\"noreferrer noopener\">Referat ordin\u00e6r generalforsamling  2024<\/a><br>\u2022\u00a0<a href=\"https:\/\/fvr-rudersdal.dk\/wp-content\/uploads\/2026\/03\/Referat-af-ekstraordinaer-generalforsamling-21.08.2024-1-1.pdf\" target=\"_blank\" rel=\"noreferrer noopener\">Referat ekstraordin\u00e6r generalforsamling 2024<\/a><br>\u2022\u00a0<a href=\"https:\/\/fvr-rudersdal.dk\/wp-content\/uploads\/2026\/03\/Referat-af-Stiftende-generalforsamling-i-Foreningen-for-Vejlaug-i-Rudersdal-underskrevet-1.pdf\" target=\"_blank\" rel=\"noreferrer noopener\">Referat stiftende generalforsamling 2022<\/a><\/p>\n\n\n\n<p><\/p>\n","protected":false},"excerpt":{"rendered":"<p>Generalforsamling 2026 Afholdes den X. m\u00e5ned 2026 kl.19.00, i Birker\u00f8d. INDKALDELSE TIL ORDIN\u00c6R GENERALFORSAMLING 2026 (klik her) \u00d8nsker du at stille op til bestyrelsen eller som revisor, der efterser og godkender vores regnskab, eller har du forslag til n\u00e6ste generalforsamling s\u00e5 skriv til\u00a0bestyrelsen@fvr-rudersdal.dk. Forslag skal v\u00e6res sendt til bestyrelsen senest d. 31. december. Vel m\u00f8dt! Bestyrelsen Tidligere generalforsamlinger Her under kan du findes tidligere generalforsamlingsreferater\u2022\u00a0Referat ordin\u00e6r generalforsamling 2024\u2022\u00a0Referat ekstraordin\u00e6r generalforsamling 2024\u2022\u00a0Referat stiftende generalforsamling 2022<\/p>\n","protected":false},"author":1,"featured_media":0,"parent":0,"menu_order":0,"comment_status":"closed","ping_status":"closed","template":"","meta":{"footnotes":""},"class_list":["post-61","page","type-page","status-publish","hentry"],"_links":{"self":[{"href":"https:\/\/fvr-rudersdal.dk\/index.php\/wp-json\/wp\/v2\/pages\/61","targetHints":{"allow":["GET"]}}],"collection":[{"href":"https:\/\/fvr-rudersdal.dk\/index.php\/wp-json\/wp\/v2\/pages"}],"about":[{"href":"https:\/\/fvr-rudersdal.dk\/index.php\/wp-json\/wp\/v2\/types\/page"}],"author":[{"embeddable":true,"href":"https:\/\/fvr-rudersdal.dk\/index.php\/wp-json\/wp\/v2\/users\/1"}],"replies":[{"embeddable":true,"href":"https:\/\/fvr-rudersdal.dk\/index.php\/wp-json\/wp\/v2\/comments?post=61"}],"version-history":[{"count":3,"href":"https:\/\/fvr-rudersdal.dk\/index.php\/wp-json\/wp\/v2\/pages\/61\/revisions"}],"predecessor-version":[{"id":64,"href":"https:\/\/fvr-rudersdal.dk\/index.php\/wp-json\/wp\/v2\/pages\/61\/revisions\/64"}],"wp:attachment":[{"href":"https:\/\/fvr-rudersdal.dk\/index.php\/wp-json\/wp\/v2\/media?parent=61"}],"curies":[{"name":"wp","href":"https:\/\/api.w.org\/{rel}","templated":true}]}}