{"id":69,"date":"2026-03-29T09:33:47","date_gmt":"2026-03-29T08:33:47","guid":{"rendered":"https:\/\/fvr-rudersdal.dk\/?page_id=69"},"modified":"2026-03-29T09:33:47","modified_gmt":"2026-03-29T08:33:47","slug":"vedtaegter","status":"publish","type":"page","link":"https:\/\/fvr-rudersdal.dk\/index.php\/vedtaegter\/","title":{"rendered":"Vedt\u00e6gter"},"content":{"rendered":"\n<p>Vores vedt\u00e6gter er oprindelig etableret sammen med foreningen den X. maj YYYY&#8230;&#8230; <\/p>\n\n\n\n<p>Vedt\u00e6gterne kan l\u00e6ses her: <\/p>\n\n\n\n<p><a href=\"https:\/\/fvr-rudersdal.dk\/wp-content\/uploads\/2026\/03\/FVR-Vedtaegter-1.pdf\" data-type=\"link\" data-id=\"https:\/\/fvr-rudersdal.dk\/wp-content\/uploads\/2026\/03\/FVR-Vedtaegter-1.pdf\" target=\"_blank\" rel=\"noreferrer noopener\">G\u00e6ldende vedt\u00e6gter 2022<\/a><\/p>\n","protected":false},"excerpt":{"rendered":"<p>Vores vedt\u00e6gter er oprindelig etableret sammen med foreningen den X. maj YYYY&#8230;&#8230; Vedt\u00e6gterne kan l\u00e6ses her: G\u00e6ldende vedt\u00e6gter 2022<\/p>\n","protected":false},"author":1,"featured_media":0,"parent":0,"menu_order":0,"comment_status":"closed","ping_status":"closed","template":"","meta":{"footnotes":""},"class_list":["post-69","page","type-page","status-publish","hentry"],"_links":{"self":[{"href":"https:\/\/fvr-rudersdal.dk\/index.php\/wp-json\/wp\/v2\/pages\/69","targetHints":{"allow":["GET"]}}],"collection":[{"href":"https:\/\/fvr-rudersdal.dk\/index.php\/wp-json\/wp\/v2\/pages"}],"about":[{"href":"https:\/\/fvr-rudersdal.dk\/index.php\/wp-json\/wp\/v2\/types\/page"}],"author":[{"embeddable":true,"href":"https:\/\/fvr-rudersdal.dk\/index.php\/wp-json\/wp\/v2\/users\/1"}],"replies":[{"embeddable":true,"href":"https:\/\/fvr-rudersdal.dk\/index.php\/wp-json\/wp\/v2\/comments?post=69"}],"version-history":[{"count":1,"href":"https:\/\/fvr-rudersdal.dk\/index.php\/wp-json\/wp\/v2\/pages\/69\/revisions"}],"predecessor-version":[{"id":70,"href":"https:\/\/fvr-rudersdal.dk\/index.php\/wp-json\/wp\/v2\/pages\/69\/revisions\/70"}],"wp:attachment":[{"href":"https:\/\/fvr-rudersdal.dk\/index.php\/wp-json\/wp\/v2\/media?parent=69"}],"curies":[{"name":"wp","href":"https:\/\/api.w.org\/{rel}","templated":true}]}}